{"id":1207,"date":"2024-01-09T15:58:17","date_gmt":"2024-01-09T20:58:17","guid":{"rendered":"https:\/\/parolefranco.ca\/?page_id=1207"},"modified":"2024-02-28T17:31:05","modified_gmt":"2024-02-28T22:31:05","slug":"11-ou-12-juin-1867","status":"publish","type":"page","link":"https:\/\/parolefranco.ca\/en\/11-ou-12-juin-1867\/","title":{"rendered":"June 11 or 12, 1867"},"content":{"rendered":"<div class=\"wp-block-group alignfull has-border-color is-vertical is-content-justification-center is-nowrap is-layout-flex wp-container-core-group-is-layout-96eab88b wp-block-group-is-layout-flex\" style=\"border-color:#a6f5b0;border-width:65px;border-radius:0px;margin-top:0px;margin-bottom:0px\">\n<h2 class=\"wp-block-heading has-text-align-center has-foreground-color has-text-color has-link-color wp-elements-c4515a6ea72f9a9ee4cfc89a4edf026b\">Demanding Publication of Parliamentary Proceedings in French<\/h2>\n\n\n\n<div style=\"height:30px\" aria-hidden=\"true\" class=\"wp-block-spacer wp-container-content-cf2db169\"><\/div>\n\n\n\n<div class=\"wp-block-group alignfull is-vertical is-content-justification-center is-layout-flex wp-container-core-group-is-layout-7bd56c94 wp-block-group-is-layout-flex\" style=\"padding-top:0;padding-right:0;padding-bottom:0;padding-left:0\">\n<div class=\"wp-block-media-text is-stacked-on-mobile is-vertically-aligned-top has-foreground-color has-text-color has-link-color wp-elements-b45493070a26d76214f76cb7a623c3ef\" style=\"padding-top:0;padding-right:0;padding-bottom:0;padding-left:0;grid-template-columns:15% auto\"><figure class=\"wp-block-media-text__media\"><img data-recalc-dims=\"1\" loading=\"lazy\" decoding=\"async\" width=\"663\" height=\"1024\" data-attachment-id=\"1222\" data-permalink=\"https:\/\/parolefranco.ca\/en\/11-ou-12-juin-1867\/screenshot-2024-01-09-at-4-00-41-pm\/\" data-orig-file=\"https:\/\/i0.wp.com\/parolefranco.ca\/wp-content\/uploads\/2024\/01\/Screenshot-2024-01-09-at-4.00.41-PM.png?fit=1188%2C1836&amp;ssl=1\" data-orig-size=\"1188,1836\" data-comments-opened=\"1\" data-image-meta=\"{&quot;aperture&quot;:&quot;0&quot;,&quot;credit&quot;:&quot;&quot;,&quot;camera&quot;:&quot;&quot;,&quot;caption&quot;:&quot;&quot;,&quot;created_timestamp&quot;:&quot;0&quot;,&quot;copyright&quot;:&quot;&quot;,&quot;focal_length&quot;:&quot;0&quot;,&quot;iso&quot;:&quot;0&quot;,&quot;shutter_speed&quot;:&quot;0&quot;,&quot;title&quot;:&quot;&quot;,&quot;orientation&quot;:&quot;0&quot;}\" data-image-title=\"Screenshot 2024-01-09 at 4.00.41 PM\" data-image-description=\"\" data-image-caption=\"\" data-large-file=\"https:\/\/i0.wp.com\/parolefranco.ca\/wp-content\/uploads\/2024\/01\/Screenshot-2024-01-09-at-4.00.41-PM.png?fit=663%2C1024&amp;ssl=1\" src=\"https:\/\/i0.wp.com\/parolefranco.ca\/wp-content\/uploads\/2024\/01\/Screenshot-2024-01-09-at-4.00.41-PM.png?resize=663%2C1024&#038;ssl=1\" alt=\"\" class=\"wp-image-1222 size-full\" srcset=\"https:\/\/i0.wp.com\/parolefranco.ca\/wp-content\/uploads\/2024\/01\/Screenshot-2024-01-09-at-4.00.41-PM.png?resize=663%2C1024&amp;ssl=1 663w, https:\/\/i0.wp.com\/parolefranco.ca\/wp-content\/uploads\/2024\/01\/Screenshot-2024-01-09-at-4.00.41-PM.png?resize=194%2C300&amp;ssl=1 194w, https:\/\/i0.wp.com\/parolefranco.ca\/wp-content\/uploads\/2024\/01\/Screenshot-2024-01-09-at-4.00.41-PM.png?resize=768%2C1187&amp;ssl=1 768w, https:\/\/i0.wp.com\/parolefranco.ca\/wp-content\/uploads\/2024\/01\/Screenshot-2024-01-09-at-4.00.41-PM.png?resize=994%2C1536&amp;ssl=1 994w, https:\/\/i0.wp.com\/parolefranco.ca\/wp-content\/uploads\/2024\/01\/Screenshot-2024-01-09-at-4.00.41-PM.png?resize=8%2C12&amp;ssl=1 8w, https:\/\/i0.wp.com\/parolefranco.ca\/wp-content\/uploads\/2024\/01\/Screenshot-2024-01-09-at-4.00.41-PM.png?w=1188&amp;ssl=1 1188w\" sizes=\"auto, (max-width: 663px) 100vw, 663px\" \/><\/figure><div class=\"wp-block-media-text__content\">\n<p class=\"has-foreground-color has-text-color has-link-color has-courier-prime-font-family has-small-font-size wp-elements-4b731a2e3e050506a319634026de2d7d wp-block-paragraph\">Extrait de Ga\u00e9tan Migneault, \u00ab\u202fLe Canada fran\u00e7ais et la Conf\u00e9d\u00e9ration\u202f: Les Acadiens du Nouveau-Brunswick\u202f\u00bb, dans Jean-Fran\u00e7ois Caron et Marcel Martel, <em>Le Canada fran\u00e7ais et la Conf\u00e9d\u00e9ration\u202f: Fondements et bilan critique<\/em> (PUL, 2016), p. 20-21&nbsp;<\/p>\n\n\n\n<p class=\"has-foreground-color has-text-color has-link-color has-courier-prime-font-family has-small-font-size wp-elements-2950907deb4fe9c784d21fce6863c8f8 wp-block-paragraph\">\"To the Honourable Members of the House of Assembly of the province of New Brunswick in\nsession;&nbsp;<\/p>\n\n\n\n<p class=\"has-foreground-color has-text-color has-link-color has-courier-prime-font-family has-small-font-size wp-elements-99b7d4a3017d9021bba32813cece6bbd wp-block-paragraph\">The humble request of the undersigned inhabitants of the County of Gloucester states;&nbsp;<\/p>\n\n\n\n<p class=\"has-foreground-color has-text-color has-link-color has-courier-prime-font-family has-small-font-size wp-elements-3b1afa87f0f361cce6864f3eb7e2887c wp-block-paragraph\">Whereas one sixth of the population belongs to the French race, of whom very few of this\nnumber understand the language;&nbsp;<\/p>\n\n\n\n<p class=\"has-foreground-color has-text-color has-link-color has-courier-prime-font-family has-small-font-size wp-elements-a8540e37d712ea9d1964338d6cb54a07 wp-block-paragraph\">Whereas thousands of inhabitants thus find themselves unable to learn about the debates in\nParliament, in which they are nevertheless interested, as is any other inhabitant of New\nBrunswick;&nbsp;<\/p>\n\n\n\n<p class=\"has-foreground-color has-text-color has-link-color has-courier-prime-font-family has-small-font-size wp-elements-86765c61f6c86a3347b87876d63ef241 wp-block-paragraph translation-block\">Whereas the undersigned witnessed with regret, in 1864, the rejection of the motion of the member in Parliament for this county requesting that the debates of the Legislative Assembly be translated into French, that is to say: The Debates of the House of Assembly of the Province of\nNew Brunswick and the Journal of the House of the same;<\/p>\n\n\n\n<p class=\"has-foreground-color has-text-color has-link-color has-courier-prime-font-family has-small-font-size wp-elements-ffff1654678fede1a7047d4c23790b85 wp-block-paragraph translation-block\">Whereas clause 133 of the Confederation project recognises the fairness of the measure that your\npetitioners hereby request, by stating that: \u201cthe Acts of the Parliament of Canada and the Quebec\nlegislature will be printed and published in both languages\u201d;<\/p>\n\n\n\n<p class=\"has-foreground-color has-text-color has-link-color has-courier-prime-font-family has-small-font-size wp-elements-760ee1acf6d5951c58269ee6c3a08be4 wp-block-paragraph\">Whereas it seems to your petitioners that the time has come for the local legislature to grant the French of this province that which the honourable delegates of the provinces of Canada, Nova Scotia and New Brunswick did not think, in their wisdom, they would have to refuse to the\nFrench of the general government;&nbsp;<\/p>\n\n\n\n<p class=\"has-foreground-color has-text-color has-link-color has-courier-prime-font-family has-small-font-size wp-elements-30db1c5bf89d25fe8974efd7e4f99dcb wp-block-paragraph translation-block\">For this reason, your petitioners, trusting in your impartiality and in the fairness of their request,\nask you to agree to the translation of the debates and the journal of the Legislative Assembly, as\nwell as to the translation of public notices issued by the authority of the government.<\/p>\n\n\n\n<p class=\"has-foreground-color has-text-color has-link-color has-courier-prime-font-family has-small-font-size wp-elements-87406093bac3e0dc45f592c3b072c553 wp-block-paragraph\">And we shall not cease in our petitions.\"&nbsp;<\/p>\n<\/div><\/div>\n<\/div>\n\n\n\n<div style=\"height:30px\" aria-hidden=\"true\" class=\"wp-block-spacer wp-container-content-cf2db169\"><\/div>\n\n\n\n<div class=\"wp-block-columns is-layout-flex wp-container-core-columns-is-layout-f56f613f wp-block-columns-is-layout-flex\">\n<div class=\"wp-block-column is-layout-flow wp-block-column-is-layout-flow\" style=\"padding-right:0;padding-left:0;flex-basis:60%\">\n<p class=\"has-link-color has-eb-garamond-font-family wp-elements-47c10e65c82fd02689aac5452f322a3f wp-block-paragraph\" style=\"font-size:20px\">In 1864, politicians from the British North American colonies met in Charlottetown and Quebec City to lay the foundations of the future Canadian Confederation. Known as the Fathers of Confederation, they adopted 72 resolutions to guide the drafting of the British North America Act (BNAA), later passed by the British Parliament in 1867.<\/p>\n\n\n\n<p class=\"has-link-color has-eb-garamond-font-family wp-elements-e2fe85605326326777c7e826ff48a300 wp-block-paragraph\" style=\"font-size:20px\">Resolution 46, which became section 133 of the BNAA, states that parliamentary institutions and courts of the future Province of Quebec and the federal government shall be bilingual (English and French). This resolution excludes reference the colony of New Brunswick, despite its sizeable French-speaking Acadian minority.<\/p>\n\n\n\n<p class=\"has-link-color has-eb-garamond-font-family wp-elements-e07d853dd9cbbe6e2ba8e8e0de828b84 wp-block-paragraph\" style=\"font-size:20px\">The 72 resolutions were published in the <em>Royal Gazette<\/em> on January 25, 1865, during the New Brunswick election campaign. They provoked debate. Many voters denounced the division of powers between the provinces and the federal government, and New Brunswick\u2019s place in the future Canadian Confederation. Anti-Confederation forces won the election. The new government was fragile, however, and lost power a year later in a subsequent election. These elections took place against the backdrop of a possible invasion of New Brunswick by the Fenians, supporters of Irish independence living in the United States.<br><br>One hundred and seventy-nine Acadians from Gloucester County, in the northeast of New Brunswick, took advantage of these debates to promote their linguistic rights. They presented a petition to the Legislative Assembly on June 11 or 12, 1867. The petition demanded that parliamentary proceedings be published in both English and French. Elected officials rejected the petition, just as they had done every previous time since the 1850s when they debated the issue of translating debates. Acadians would have to wait until New Brunswick\u2019s Official Languages Act was passed in 1969, finally making the province bilingual.&nbsp;<\/p>\n\n\n\n<div style=\"height:30px\" aria-hidden=\"true\" class=\"wp-block-spacer\"><\/div>\n\n\n\n<figure class=\"wp-block-image aligncenter size-full is-resized\"><img data-recalc-dims=\"1\" loading=\"lazy\" decoding=\"async\" width=\"2048\" height=\"703\" data-attachment-id=\"97\" data-permalink=\"https:\/\/parolefranco.ca\/en\/lilly-footer\/\" data-orig-file=\"https:\/\/i0.wp.com\/parolefranco.ca\/wp-content\/uploads\/2023\/10\/lilly-footer.png?fit=2048%2C703&amp;ssl=1\" data-orig-size=\"2048,703\" data-comments-opened=\"1\" data-image-meta=\"{&quot;aperture&quot;:&quot;0&quot;,&quot;credit&quot;:&quot;&quot;,&quot;camera&quot;:&quot;&quot;,&quot;caption&quot;:&quot;&quot;,&quot;created_timestamp&quot;:&quot;0&quot;,&quot;copyright&quot;:&quot;&quot;,&quot;focal_length&quot;:&quot;0&quot;,&quot;iso&quot;:&quot;0&quot;,&quot;shutter_speed&quot;:&quot;0&quot;,&quot;title&quot;:&quot;&quot;,&quot;orientation&quot;:&quot;0&quot;}\" data-image-title=\"lilly-footer\" data-image-description=\"\" data-image-caption=\"\" data-large-file=\"https:\/\/i0.wp.com\/parolefranco.ca\/wp-content\/uploads\/2023\/10\/lilly-footer.png?fit=1024%2C352&amp;ssl=1\" src=\"https:\/\/i0.wp.com\/parolefranco.ca\/wp-content\/uploads\/2023\/10\/lilly-footer.png?resize=2048%2C703&#038;ssl=1\" alt=\"\" class=\"wp-image-97\" style=\"width:329px;height:auto\"\/><\/figure>\n<\/div>\n\n\n\n<div class=\"wp-block-column has-background-color has-primary-background-color has-text-color has-background has-link-color wp-elements-cabae752faf9f32d6d708e9814633c65 is-layout-flow wp-block-column-is-layout-flow\" style=\"padding-top:var(--wp--preset--spacing--60);padding-right:var(--wp--preset--spacing--50);padding-bottom:var(--wp--preset--spacing--60);padding-left:var(--wp--preset--spacing--50);flex-basis:40%\">\n<p class=\"has-background-color has-text-color has-link-color has-small-font-size wp-elements-9d673060ea662d91b72a8d8e141f9a66 wp-block-paragraph translation-block\"><strong><strong>Title of the document<\/strong>\u00a0<\/strong>: To the Honourable Members of the House of Assembly of the Province of New Brunswick in Parliament assembled; The humble petition of the undersigned inhabitants of Gloucester County humbly represents.<br><br><strong><strong>Date :<\/strong>\u00a0<\/strong> June 11 or 12, 1867<br><br><strong><strong>Reference:<\/strong>\u00a0<\/strong> Public Archives of New Brunswick, Legislative Assembly fonds, RG4-RS4, petition no. 108, 1867. The petition is also reproduced in Marie-Claire P\u00eetre, \u201cLa revendication des droits linguistiques au XIX e si\u00e8cle dans la P\u00e9ninsule acadienne,\u201d <em>\u00c9galit\u00e9: revue acadienne d\u2019analyse\npolitique<\/em>, vol. 22, 1987-1988, p. 97-100.<\/p>\n\n\n\n<p class=\"has-background-color has-text-color has-link-color has-small-font-size wp-elements-0b0ba094e14f2c591c2e9732e579e7a6 wp-block-paragraph\"><strong>To learn more about this topic:<\/strong><\/p>\n\n\n\n<p class=\"has-background-color has-text-color has-link-color has-small-font-size wp-elements-7abe547891ef9b8f3cac8ad611ecc3d9 wp-block-paragraph\">Online<\/p>\n\n\n\n<p class=\"has-background-color has-text-color has-link-color has-small-font-size wp-elements-011a55c8c8fb1f27af3c9ae5e4eda2b8 wp-block-paragraph translation-block\"><span style=\"text-decoration: underline\"><a href=\"https:\/\/ici.radio-canada.ca\/ohdio\/premiere\/emissions\/aujourd-hui-l-histoire\/episodes\/440526\/audio-fil-du-mercredi-21-aout-2019\" target=\"_blank\" rel=\"noreferrer noopener\">\u00ab\u00a0Les Acadiens et la f\u00e9d\u00e9ration canadienne, with J. Belliveau\u00a0\u00bb, <em>Aujourd\u2019hui l\u2019histoire<\/em>, Ici Radio-Canada, 22 ao\u00fbt 2019.<\/a><\/span><br><br><span style=\"text-decoration: underline\"><a href=\"https:\/\/ici.radio-canada.ca\/ohdio\/premiere\/emissions\/format-libre\/segments\/entrevue\/29898\/acadie-memramcook\" target=\"_blank\" rel=\"noreferrer noopener\">\u00ab\u00a0Les acadiens face \u00e0 la constitution de 1867\u00a0\u00bb, <em>Format libre<\/em>, Ici Radio-Canada, 4 juillet 2017.<\/a><\/span><br><br><span style=\"text-decoration: underline\"><a href=\"https:\/\/www.acadienouvelle.com\/mon-opinion\/2017\/02\/20\/acadiens-nouveau-brunswick-confederation\/\" target=\"_blank\" rel=\"noreferrer noopener\">Doucet, Michel. \u00ab\u00a0Les Acadiens du Nouveau-Brunswick et la Conf\u00e9d\u00e9ration\u00a0\u00bb, <em>L\u2019Acadie Nouvelle<\/em>, 20 f\u00e9vrier 2017.<\/a><\/span><br><br><span style=\"text-decoration: underline\"><a href=\"https:\/\/onfr.tfo.org\/quand-lacadie-remettait-la-pendule-a-lheure-de-la-confederation\/\" target=\"_blank\" rel=\"noreferrer noopener\">Migneault, Ga\u00e9tan. \u00ab\u00a0Quand l\u2019Acadie remettait la pendule \u00e0 l\u2019heure de la Conf\u00e9d\u00e9ration\u00a0\u00bb, OnFr, 21 avril 2017.<\/a><\/span><\/p>\n\n\n\n<p class=\"has-background-color has-text-color has-link-color has-small-font-size wp-elements-409b80bf0c884d4ac6dc76d8b2ce2710 wp-block-paragraph\">Printed sources<\/p>\n\n\n\n<p class=\"has-background-color has-text-color has-link-color has-small-font-size wp-elements-b1b8ab7de6b466eab65d7cb78740091b wp-block-paragraph\">Migneault, Ga\u00e9tan. <em>Les Acadiens du Nouveau-Brunswick et la Conf\u00e9d\u00e9ration,<\/em> L\u00e9vis, Les \u00c9ditions de la Francophonie, 2009.<\/p>\n\n\n\n<p class=\"has-background-color has-text-color has-link-color has-small-font-size wp-elements-b57fb293ffc3c4ba816bbcda52db9c6d wp-block-paragraph\">Migneault, Ga\u00e9tan. \u00ab&nbsp;La reconnaissance l\u00e9gislative accord\u00e9e aux Acadiens du Nouveau-Brunswick avant la Conf\u00e9d\u00e9ration (1784 \u00e0 1867)&nbsp;\u00bb, <em>Acadiensis,<\/em> vol.&nbsp;41, n<sup>o<\/sup>&nbsp;2 (\u00e9t\u00e9-automne 2012), p. 109-141.<\/p>\n\n\n\n<p class=\"has-background-color has-text-color has-link-color has-small-font-size wp-elements-431f66193abc9013f578d9f15c0ab511 wp-block-paragraph\">Migneault, Ga\u00e9tan. \u00ab&nbsp;L\u2019acc\u00e8s de la minorit\u00e9 francophone \u00e0 l\u2019Assembl\u00e9e l\u00e9gislative du Nouveau-Brunswick&nbsp;\u00bb, <em>Acadiensis<\/em>, vol.&nbsp;47, n<sup>o<\/sup>&nbsp;1 (hiver-printemps 2018), p. 140-177.<\/p>\n\n\n\n<p class=\"has-background-color has-text-color has-link-color has-small-font-size wp-elements-1aa568dc6a99601438fb972b3bf51a99 wp-block-paragraph\">Rocher, Fran\u00e7ois. \u00ab Sur les opposants au projet de Conf\u00e9d\u00e9ration de 1864&nbsp;: critiques sur la finalit\u00e9 du r\u00e9gime&nbsp;\u00bb, dans Eug\u00e9nie Brouillet, Alain-G. Gagnon et Guy Laforest (dir.), <em>La Conf\u00e9rence de Qu\u00e9bec de 1864, 150 ans plus tard. Comprendre l\u2019\u00e9mergence de la f\u00e9d\u00e9ration canadienne,<\/em> Qu\u00e9bec, Presses de l\u2019Universit\u00e9 Laval, 2016, p. 191-230.<\/p>\n<\/div>\n<\/div>\n\n\n\n<div style=\"height:0px;width:0px\" aria-hidden=\"true\" class=\"wp-block-spacer wp-container-content-f7b87a2a\"><\/div>\n<\/div>\n\n\n\n<div class=\"wp-block-columns is-layout-flex wp-container-core-columns-is-layout-f56f613f wp-block-columns-is-layout-flex\">\n<div class=\"wp-block-column is-layout-flow wp-block-column-is-layout-flow\">\n<div class=\"wp-block-columns is-layout-flex wp-container-core-columns-is-layout-f56f613f wp-block-columns-is-layout-flex\">\n<div class=\"wp-block-column is-layout-flow wp-block-column-is-layout-flow\">\n<div class=\"wp-block-buttons is-layout-flex wp-block-buttons-is-layout-flex\">\n<div class=\"wp-block-button has-custom-width wp-block-button__width-100\"><a class=\"wp-block-button__link has-background wp-element-button\" href=\"https:\/\/parolefranco.ca\/en\/1867-1927\/\" style=\"border-style:none;border-width:0px;border-radius:10px;background-color:#a57d54\">1867-1927<\/a><\/div>\n<\/div>\n<\/div>\n\n\n\n<div class=\"wp-block-column is-layout-flow wp-block-column-is-layout-flow\">\n<div class=\"wp-block-buttons is-layout-flex wp-block-buttons-is-layout-flex\">\n<div class=\"wp-block-button has-custom-width wp-block-button__width-100\"><a class=\"wp-block-button__link has-background wp-element-button\" href=\"https:\/\/parolefranco.ca\/en\/1928-1967\/\" style=\"border-style:none;border-width:0px;border-radius:10px;background-color:#a57d54\">1928-1967<\/a><\/div>\n<\/div>\n<\/div>\n<\/div>\n<\/div>\n\n\n\n<div class=\"wp-block-column is-layout-flow wp-block-column-is-layout-flow\">\n<div class=\"wp-block-columns is-layout-flex wp-container-core-columns-is-layout-f56f613f wp-block-columns-is-layout-flex\">\n<div class=\"wp-block-column is-layout-flow wp-block-column-is-layout-flow\">\n<div class=\"wp-block-buttons is-layout-flex wp-block-buttons-is-layout-flex\">\n<div class=\"wp-block-button has-custom-width wp-block-button__width-100\"><a class=\"wp-block-button__link has-background wp-element-button\" href=\"https:\/\/parolefranco.ca\/en\/1968-1982\/\" style=\"border-style:none;border-width:0px;border-radius:10px;background-color:#a57d54\">1968-1982<\/a><\/div>\n<\/div>\n<\/div>\n\n\n\n<div class=\"wp-block-column is-layout-flow wp-block-column-is-layout-flow\">\n<div class=\"wp-block-buttons is-layout-flex wp-block-buttons-is-layout-flex\">\n<div class=\"wp-block-button has-custom-width wp-block-button__width-100\"><a class=\"wp-block-button__link has-background wp-element-button\" href=\"https:\/\/parolefranco.ca\/en\/1983-2022\/\" style=\"border-style:none;border-width:0px;border-radius:10px;background-color:#a57d54\">1983-2022<\/a><\/div>\n<\/div>\n<\/div>\n<\/div>\n<\/div>\n<\/div>\n\n\n\n<div style=\"height:40px\" aria-hidden=\"true\" class=\"wp-block-spacer\"><\/div>","protected":false},"excerpt":{"rendered":"<p>Exiger la publication des travaux parlementaires en fran\u00e7ais Extrait de Ga\u00e9tan Migneault, \u00ab\u202fLe Canada fran\u00e7ais et la Conf\u00e9d\u00e9ration\u202f: Les Acadiens du Nouveau-Brunswick\u202f\u00bb, dans Jean-Fran\u00e7ois Caron et Marcel Martel, Le Canada fran\u00e7ais et la Conf\u00e9d\u00e9ration\u202f: Fondements et bilan critique (PUL, 2016), p. 20-21&nbsp; Aux honorables membres de la chambre d\u2019Assembl\u00e9e de la province du Nouveau-Brunswick en [&hellip;]<\/p>\n","protected":false},"author":60472210,"featured_media":0,"parent":0,"menu_order":0,"comment_status":"closed","ping_status":"closed","template":"","meta":{"_crdt_document":"","advanced_seo_description":"","jetpack_seo_html_title":"","jetpack_seo_noindex":false,"footnotes":""},"class_list":["post-1207","page","type-page","status-publish","hentry"],"jetpack_likes_enabled":true,"jetpack_sharing_enabled":true,"jetpack_shortlink":"https:\/\/wp.me\/Pfdu74-jt","_links":{"self":[{"href":"https:\/\/parolefranco.ca\/en\/wp-json\/wp\/v2\/pages\/1207","targetHints":{"allow":["GET"]}}],"collection":[{"href":"https:\/\/parolefranco.ca\/en\/wp-json\/wp\/v2\/pages"}],"about":[{"href":"https:\/\/parolefranco.ca\/en\/wp-json\/wp\/v2\/types\/page"}],"author":[{"embeddable":true,"href":"https:\/\/parolefranco.ca\/en\/wp-json\/wp\/v2\/users\/60472210"}],"replies":[{"embeddable":true,"href":"https:\/\/parolefranco.ca\/en\/wp-json\/wp\/v2\/comments?post=1207"}],"version-history":[{"count":50,"href":"https:\/\/parolefranco.ca\/en\/wp-json\/wp\/v2\/pages\/1207\/revisions"}],"predecessor-version":[{"id":2134,"href":"https:\/\/parolefranco.ca\/en\/wp-json\/wp\/v2\/pages\/1207\/revisions\/2134"}],"wp:attachment":[{"href":"https:\/\/parolefranco.ca\/en\/wp-json\/wp\/v2\/media?parent=1207"}],"curies":[{"name":"wp","href":"https:\/\/api.w.org\/{rel}","templated":true}]}}